{"id":81,"date":"2023-10-29T16:08:58","date_gmt":"2023-10-29T15:08:58","guid":{"rendered":"https:\/\/spaziosalutelaspezia.ldservice.eu\/?page_id=81"},"modified":"2023-10-29T16:08:59","modified_gmt":"2023-10-29T15:08:59","slug":"dott-ssa-deborah-pini","status":"publish","type":"page","link":"https:\/\/spaziosalutelaspezia.ldservice.eu\/index.php\/dott-ssa-deborah-pini\/","title":{"rendered":"Dott.ssa Deborah Pini"},"content":{"rendered":"<!--[html]--><style><\/style><div class=\"bd-tagstyles  additional-class-1331156561 \"><div class=\"bd-container-inner bd-content-element\"><!--{content}--><!--{\/content}--><\/div><\/div><!--[\/html]-->\n\n\n<p class=\"has-text-align-center has-white-color has-text-color has-large-font-size\">Psicologa<\/p>\n\n\n\n<div style=\"height:50px\" aria-hidden=\"true\" class=\"wp-block-spacer\"><\/div>\n\n\n\n<div class=\"wp-block-columns is-layout-flex wp-container-core-columns-is-layout-1 wp-block-columns-is-layout-flex\">\n<div class=\"wp-block-column is-layout-flow wp-block-column-is-layout-flow\"><div class=\"wp-block-image\">\n<figure class=\"aligncenter size-full\"><img loading=\"lazy\" decoding=\"async\" width=\"291\" height=\"289\" src=\"http:\/\/spaziosalutelaspezia.ldservice.eu\/wp-content\/uploads\/2023\/10\/unknown-1-400x400-1.jpeg\" alt=\"\" class=\"wp-image-82\" srcset=\"https:\/\/spaziosalutelaspezia.ldservice.eu\/wp-content\/uploads\/2023\/10\/unknown-1-400x400-1.jpeg 291w, https:\/\/spaziosalutelaspezia.ldservice.eu\/wp-content\/uploads\/2023\/10\/unknown-1-400x400-1-150x150.jpeg 150w\" sizes=\"(max-width: 291px) 100vw, 291px\" \/><\/figure><\/div><\/div>\n\n\n\n<div class=\"wp-block-column is-layout-flow wp-block-column-is-layout-flow\" style=\"flex-basis:20px\"><\/div>\n\n\n\n<div class=\"wp-block-column is-layout-flow wp-block-column-is-layout-flow\">\n<p>Laureata ad indirizzo clinico con lode all\u2019Universit\u00e0 degli studi di Roma, La Sapienza.<\/p>\n\n\n\n<p>Specializzata in Parent Coaching e Disturbi dello Spettro Autistico.<br>Svolgo attivit\u00e0 di supporto e sostegno psicologico, in presenza ed online, per adolescenti e adulti.<br>Percorsi di supporto alla genitorialit\u00e0 indirizzati a genitori in coppia o singoli, che desiderino migliorare e\/o modificare il rapporto con i figli.<br>Compito dello psicologo \u00e8 quello di accompagnare la persona, senza interferire con i propri giudizi o valori, nell&#8217;accettazione di s\u00e9 e nella ricerca del benessere psichico.<br>Non \u00e8 solamente chi attraversa momenti di crisi o difficolt\u00e0 che si rivolge ad uno psicologo, ma anche chi vuole conoscere meglio se stesso, esplorare le sue emozioni entrandovi in contatto, intraprendendo un percorso di crescita personale.<br>\u201cIl curioso paradoss\u00f2 \u00e8 che quando accetto me stesso, posso cambiare\u201d<\/p>\n\n\n\n<ul>\n<li class=\"has-medium-font-size\"><a href=\"mailto:info@spaziosalutelaspezia.it\">info@spaziosalutelaspezia.it<\/a><\/li>\n<\/ul>\n<\/div>\n<\/div>\n\n\n\n<div style=\"height:100px\" aria-hidden=\"true\" class=\"wp-block-spacer\"><\/div>\n","protected":false},"excerpt":{"rendered":"<p>Psicologa Laureata ad indirizzo clinico con lode all\u2019Universit\u00e0 degli studi di Roma, La Sapienza. Specializzata in Parent Coaching e Disturbi dello Spettro Autistico.Svolgo attivit\u00e0 di supporto e sostegno psicologico, in presenza ed online, per adolescenti e adulti.Percorsi di supporto alla genitorialit\u00e0 indirizzati a genitori in coppia o singoli, che desiderino migliorare e\/o modificare il rapporto [&hellip;]<\/p>\n","protected":false},"author":1,"featured_media":0,"parent":0,"menu_order":0,"comment_status":"closed","ping_status":"closed","template":"","meta":{"footnotes":""},"_links":{"self":[{"href":"https:\/\/spaziosalutelaspezia.ldservice.eu\/index.php\/wp-json\/wp\/v2\/pages\/81"}],"collection":[{"href":"https:\/\/spaziosalutelaspezia.ldservice.eu\/index.php\/wp-json\/wp\/v2\/pages"}],"about":[{"href":"https:\/\/spaziosalutelaspezia.ldservice.eu\/index.php\/wp-json\/wp\/v2\/types\/page"}],"author":[{"embeddable":true,"href":"https:\/\/spaziosalutelaspezia.ldservice.eu\/index.php\/wp-json\/wp\/v2\/users\/1"}],"replies":[{"embeddable":true,"href":"https:\/\/spaziosalutelaspezia.ldservice.eu\/index.php\/wp-json\/wp\/v2\/comments?post=81"}],"version-history":[{"count":1,"href":"https:\/\/spaziosalutelaspezia.ldservice.eu\/index.php\/wp-json\/wp\/v2\/pages\/81\/revisions"}],"predecessor-version":[{"id":83,"href":"https:\/\/spaziosalutelaspezia.ldservice.eu\/index.php\/wp-json\/wp\/v2\/pages\/81\/revisions\/83"}],"wp:attachment":[{"href":"https:\/\/spaziosalutelaspezia.ldservice.eu\/index.php\/wp-json\/wp\/v2\/media?parent=81"}],"curies":[{"name":"wp","href":"https:\/\/api.w.org\/{rel}","templated":true}]}}